{"id":495,"date":"2023-05-28T18:49:25","date_gmt":"2023-05-28T18:49:25","guid":{"rendered":"https:\/\/www.audaxrenewables.it\/?page_id=495"},"modified":"2023-06-07T18:34:09","modified_gmt":"2023-06-07T18:34:09","slug":"audax-renovables","status":"publish","type":"page","link":"https:\/\/audaxrenewables.it\/en\/audax-renovables\/","title":{"rendered":"HomeMolinov11"},"content":{"rendered":"","protected":false},"excerpt":{"rendered":"","protected":false},"author":1,"featured_media":0,"parent":0,"menu_order":0,"comment_status":"closed","ping_status":"closed","template":"","meta":{"content-type":"","footnotes":""},"class_list":["post-495","page","type-page","status-publish","hentry"],"yoast_head":"<!-- This site is optimized with the Yoast SEO plugin v23.1 - https:\/\/yoast.com\/wordpress\/plugins\/seo\/ -->\n<title>ADUAX RENOVABLES<\/title>\n<meta name=\"description\" content=\"Audax Renovables es una compa\u00f1\u00eda independiente dedicada a la producci\u00f3n de energ\u00eda el\u00e9ctrica a partir de fuentes de energ\u00eda 100% renovables, as\u00ed como a la comercializaci\u00f3n de electricidad y gas.\" \/>\n<meta name=\"robots\" content=\"index, follow, max-snippet:-1, max-image-preview:large, max-video-preview:-1\" \/>\n<link rel=\"canonical\" href=\"https:\/\/audaxrenewables.it\/en\/audax-renovables\/\" \/>\n<meta property=\"og:locale\" content=\"en_GB\" \/>\n<meta property=\"og:type\" content=\"article\" \/>\n<meta property=\"og:title\" content=\"ADUAX RENOVABLES\" \/>\n<meta property=\"og:description\" content=\"Audax Renovables es una compa\u00f1\u00eda independiente dedicada a la producci\u00f3n de energ\u00eda el\u00e9ctrica a partir de fuentes de energ\u00eda 100% renovables, as\u00ed como a la comercializaci\u00f3n de electricidad y gas.\" \/>\n<meta property=\"og:url\" content=\"https:\/\/audaxrenewables.it\/en\/audax-renovables\/\" \/>\n<meta property=\"og:site_name\" content=\"Audax Renewables\" \/>\n<meta property=\"article:publisher\" content=\"https:\/\/www.facebook.com\/pages\/Audax-Energia-Italia\/264308733777219?fref=ts\" \/>\n<meta property=\"article:modified_time\" content=\"2023-06-07T18:34:09+00:00\" \/>\n<meta property=\"og:image\" content=\"https:\/\/audaxrenewables.it\/wp-content\/uploads\/2023\/07\/footer-logo.png\" \/>\n\t<meta property=\"og:image:width\" content=\"512\" \/>\n\t<meta property=\"og:image:height\" content=\"361\" \/>\n\t<meta property=\"og:image:type\" content=\"image\/png\" \/>\n<meta name=\"twitter:card\" content=\"summary_large_image\" \/>\n<meta name=\"twitter:site\" content=\"@AudaxEnergiaIta\" \/>\n<script type=\"application\/ld+json\" class=\"yoast-schema-graph\">{\"@context\":\"https:\/\/schema.org\",\"@graph\":[{\"@type\":\"WebPage\",\"@id\":\"https:\/\/audaxrenewables.it\/en\/audax-renovables\/\",\"url\":\"https:\/\/audaxrenewables.it\/en\/audax-renovables\/\",\"name\":\"ADUAX RENOVABLES\",\"isPartOf\":{\"@id\":\"https:\/\/audaxrenewables.it\/it\/#website\"},\"datePublished\":\"2023-05-28T18:49:25+00:00\",\"dateModified\":\"2023-06-07T18:34:09+00:00\",\"description\":\"Audax Renovables es una compa\u00f1\u00eda independiente dedicada a la producci\u00f3n de energ\u00eda el\u00e9ctrica a partir de fuentes de energ\u00eda 100% renovables, as\u00ed como a la comercializaci\u00f3n de electricidad y gas.\",\"breadcrumb\":{\"@id\":\"https:\/\/audaxrenewables.it\/en\/audax-renovables\/#breadcrumb\"},\"inLanguage\":\"en-GB\",\"potentialAction\":[{\"@type\":\"ReadAction\",\"target\":[\"https:\/\/audaxrenewables.it\/en\/audax-renovables\/\"]}]},{\"@type\":\"BreadcrumbList\",\"@id\":\"https:\/\/audaxrenewables.it\/en\/audax-renovables\/#breadcrumb\",\"itemListElement\":[{\"@type\":\"ListItem\",\"position\":1,\"name\":\"Portada\",\"item\":\"https:\/\/audaxrenewables.it\/it\/\"},{\"@type\":\"ListItem\",\"position\":2,\"name\":\"HomeMolinov11\"}]},{\"@type\":\"WebSite\",\"@id\":\"https:\/\/audaxrenewables.it\/it\/#website\",\"url\":\"https:\/\/audaxrenewables.it\/it\/\",\"name\":\"Audax Renewables\",\"description\":\"Societ\u00e0 indipendente dedicata alla produzione di energia elettrica da fonti energetiche rinnovabili al 100%.\",\"publisher\":{\"@id\":\"https:\/\/audaxrenewables.it\/it\/#organization\"},\"potentialAction\":[{\"@type\":\"SearchAction\",\"target\":{\"@type\":\"EntryPoint\",\"urlTemplate\":\"https:\/\/audaxrenewables.it\/it\/?s={search_term_string}\"},\"query-input\":\"required name=search_term_string\"}],\"inLanguage\":\"en-GB\"},{\"@type\":\"Organization\",\"@id\":\"https:\/\/audaxrenewables.it\/it\/#organization\",\"name\":\"Audax Renewables\",\"url\":\"https:\/\/audaxrenewables.it\/it\/\",\"logo\":{\"@type\":\"ImageObject\",\"inLanguage\":\"en-GB\",\"@id\":\"https:\/\/audaxrenewables.it\/it\/#\/schema\/logo\/image\/\",\"url\":\"https:\/\/audaxrenewables.it\/wp-content\/uploads\/2023\/07\/footer-logo.png\",\"contentUrl\":\"https:\/\/audaxrenewables.it\/wp-content\/uploads\/2023\/07\/footer-logo.png\",\"width\":512,\"height\":361,\"caption\":\"Audax Renewables\"},\"image\":{\"@id\":\"https:\/\/audaxrenewables.it\/it\/#\/schema\/logo\/image\/\"},\"sameAs\":[\"https:\/\/www.facebook.com\/pages\/Audax-Energia-Italia\/264308733777219?fref=ts\",\"https:\/\/x.com\/AudaxEnergiaIta\",\"https:\/\/www.linkedin.com\/company\/audax-energia-italia\/\"]}]}<\/script>\n<!-- \/ Yoast SEO plugin. -->","yoast_head_json":{"title":"ADUAX RENOVABLES","description":"Audax Renovables es una compa\u00f1\u00eda independiente dedicada a la producci\u00f3n de energ\u00eda el\u00e9ctrica a partir de fuentes de energ\u00eda 100% renovables, as\u00ed como a la comercializaci\u00f3n de electricidad y gas.","robots":{"index":"index","follow":"follow","max-snippet":"max-snippet:-1","max-image-preview":"max-image-preview:large","max-video-preview":"max-video-preview:-1"},"canonical":"https:\/\/audaxrenewables.it\/en\/audax-renovables\/","og_locale":"en_GB","og_type":"article","og_title":"ADUAX RENOVABLES","og_description":"Audax Renovables es una compa\u00f1\u00eda independiente dedicada a la producci\u00f3n de energ\u00eda el\u00e9ctrica a partir de fuentes de energ\u00eda 100% renovables, as\u00ed como a la comercializaci\u00f3n de electricidad y gas.","og_url":"https:\/\/audaxrenewables.it\/en\/audax-renovables\/","og_site_name":"Audax Renewables","article_publisher":"https:\/\/www.facebook.com\/pages\/Audax-Energia-Italia\/264308733777219?fref=ts","article_modified_time":"2023-06-07T18:34:09+00:00","og_image":[{"width":512,"height":361,"url":"https:\/\/audaxrenewables.it\/wp-content\/uploads\/2023\/07\/footer-logo.png","type":"image\/png"}],"twitter_card":"summary_large_image","twitter_site":"@AudaxEnergiaIta","schema":{"@context":"https:\/\/schema.org","@graph":[{"@type":"WebPage","@id":"https:\/\/audaxrenewables.it\/en\/audax-renovables\/","url":"https:\/\/audaxrenewables.it\/en\/audax-renovables\/","name":"ADUAX RENOVABLES","isPartOf":{"@id":"https:\/\/audaxrenewables.it\/it\/#website"},"datePublished":"2023-05-28T18:49:25+00:00","dateModified":"2023-06-07T18:34:09+00:00","description":"Audax Renovables es una compa\u00f1\u00eda independiente dedicada a la producci\u00f3n de energ\u00eda el\u00e9ctrica a partir de fuentes de energ\u00eda 100% renovables, as\u00ed como a la comercializaci\u00f3n de electricidad y gas.","breadcrumb":{"@id":"https:\/\/audaxrenewables.it\/en\/audax-renovables\/#breadcrumb"},"inLanguage":"en-GB","potentialAction":[{"@type":"ReadAction","target":["https:\/\/audaxrenewables.it\/en\/audax-renovables\/"]}]},{"@type":"BreadcrumbList","@id":"https:\/\/audaxrenewables.it\/en\/audax-renovables\/#breadcrumb","itemListElement":[{"@type":"ListItem","position":1,"name":"Portada","item":"https:\/\/audaxrenewables.it\/it\/"},{"@type":"ListItem","position":2,"name":"HomeMolinov11"}]},{"@type":"WebSite","@id":"https:\/\/audaxrenewables.it\/it\/#website","url":"https:\/\/audaxrenewables.it\/it\/","name":"Audax Renewables","description":"Societ\u00e0 indipendente dedicata alla produzione di energia elettrica da fonti energetiche rinnovabili al 100%.","publisher":{"@id":"https:\/\/audaxrenewables.it\/it\/#organization"},"potentialAction":[{"@type":"SearchAction","target":{"@type":"EntryPoint","urlTemplate":"https:\/\/audaxrenewables.it\/it\/?s={search_term_string}"},"query-input":"required name=search_term_string"}],"inLanguage":"en-GB"},{"@type":"Organization","@id":"https:\/\/audaxrenewables.it\/it\/#organization","name":"Audax Renewables","url":"https:\/\/audaxrenewables.it\/it\/","logo":{"@type":"ImageObject","inLanguage":"en-GB","@id":"https:\/\/audaxrenewables.it\/it\/#\/schema\/logo\/image\/","url":"https:\/\/audaxrenewables.it\/wp-content\/uploads\/2023\/07\/footer-logo.png","contentUrl":"https:\/\/audaxrenewables.it\/wp-content\/uploads\/2023\/07\/footer-logo.png","width":512,"height":361,"caption":"Audax Renewables"},"image":{"@id":"https:\/\/audaxrenewables.it\/it\/#\/schema\/logo\/image\/"},"sameAs":["https:\/\/www.facebook.com\/pages\/Audax-Energia-Italia\/264308733777219?fref=ts","https:\/\/x.com\/AudaxEnergiaIta","https:\/\/www.linkedin.com\/company\/audax-energia-italia\/"]}]}},"_links":{"self":[{"href":"https:\/\/audaxrenewables.it\/en\/wp-json\/wp\/v2\/pages\/495","targetHints":{"allow":["GET"]}}],"collection":[{"href":"https:\/\/audaxrenewables.it\/en\/wp-json\/wp\/v2\/pages"}],"about":[{"href":"https:\/\/audaxrenewables.it\/en\/wp-json\/wp\/v2\/types\/page"}],"author":[{"embeddable":true,"href":"https:\/\/audaxrenewables.it\/en\/wp-json\/wp\/v2\/users\/1"}],"replies":[{"embeddable":true,"href":"https:\/\/audaxrenewables.it\/en\/wp-json\/wp\/v2\/comments?post=495"}],"version-history":[{"count":1,"href":"https:\/\/audaxrenewables.it\/en\/wp-json\/wp\/v2\/pages\/495\/revisions"}],"predecessor-version":[{"id":496,"href":"https:\/\/audaxrenewables.it\/en\/wp-json\/wp\/v2\/pages\/495\/revisions\/496"}],"wp:attachment":[{"href":"https:\/\/audaxrenewables.it\/en\/wp-json\/wp\/v2\/media?parent=495"}],"curies":[{"name":"wp","href":"https:\/\/api.w.org\/{rel}","templated":true}]}}